{"id":36,"date":"2019-06-12T03:31:46","date_gmt":"2019-06-12T01:31:46","guid":{"rendered":"https:\/\/energiemalerei.de\/?page_id=36"},"modified":"2025-09-04T18:59:43","modified_gmt":"2025-09-04T16:59:43","slug":"impressum","status":"publish","type":"page","link":"https:\/\/energiemalerei.de\/index.php\/kontakt\/impressum\/","title":{"rendered":"Impressum+"},"content":{"rendered":"<p><span style=\"color: #808080;\">Dagmar Hartl<\/span><\/p>\n<p><span style=\"color: #808080;\">Im Moosfeld 9<\/span><br \/>\n<span style=\"color: #808080;\">86980 Ingenried<\/span><br \/>\n<span style=\"color: #808080;\">Deutschland<\/span><\/p>\n<p><span style=\"color: #808080;\">Telefon: 08868-1817945<\/span><\/p>\n<p><span style=\"color: #808080;\">Fax: 08868-1817944<\/span><\/p>\n<p><span style=\"color: #808080;\">E-Mail: info@vision-seele-energie.de<\/span><\/p>\n<p><span style=\"color: #808080;\">Umsatzsteuer-Identifikationsnummer: DE 292067537<\/span><\/p>\n<p><span style=\"color: #808080;\">Verantwortlich gem\u00e4\u00df \u00a7 55 RStV:<\/span><\/p>\n<p><span style=\"color: #808080;\">Dagmar Hartl<\/span><br \/>\n<span style=\"color: #808080;\">Im Moosfeld 9<\/span><br \/>\n<span style=\"color: #808080;\">86980 Ingenried<\/span><\/p>\n<p><span style=\"color: #000080;\"><span style=\"color: #808080;\">Die Europ\u00e4ische Kommission stellt eine Plattform zur Online-Streitbeilegung (OS) bereit, die Sie hier finden<\/span><a href=\"https:\/\/ec.europa.eu\/consumers\/odr\/main\/index.cfm?event=main.home.chooseLanguage\" target=\"_blank\" rel=\"noopener noreferrer\"> https:\/\/ec.europa.eu\/consumers\/odr\/<\/a>. <\/span><br \/>\n<span style=\"color: #808080;\">Zur Teilnahme an einem Streitbeilegungsverfahren vor einer Verbraucherschlichtungsstelle sind wir nicht verpflichtet und nicht bereit.<\/span><\/p>\n<h3><span style=\"color: #808080;\"><strong>Urheberrechte:<\/strong><\/span><\/h3>\n<p><span style=\"color: #808080;\">Alle Bilder, Logos, Fotos, Videos, Sprachaufnahmen und Texte in Ver\u00f6ffentlichungen, Katalogen und Flyern, in allen Printmedien, Downloads und E-Books, auf der Website, im Webshop und in den Social-Media-Profilen (z.B. Facebook, Xing, LinkedIn, etc.) sind geistig und urheberrechtlich gesch\u00fctzt.\u00a0<\/span><\/p>\n<h3><span style=\"color: #808080;\">Copyright:<\/span><\/h3>\n<p><span style=\"color: #808080;\">Dagmar Hartl &#8211; 86980 Ingenried &#8211; Deutschland. Alle Rechte vorbehalten.<\/span><\/p>\n<p><strong><span style=\"color: #808080;\">Privater Gebrauch:<\/span><\/strong><\/p>\n<p><span style=\"color: #808080;\">Alle Informationen und Anwendungshinweise sind nur f\u00fcr den eigenverantwortlichen privaten Gebrauch bestimmt.\u00a0<\/span><\/p>\n<h3><span style=\"color: #808080;\"><strong>Haftungsausschluss und weitere wichtige Hinweise:<\/strong><\/span><\/h3>\n<p><span style=\"color: #808080;\">Die als Erfahrungsberichte gekennzeichneten oder benannten Beitr\u00e4ge geben nicht unbedingt die Meinung der Herausgeberin wieder. Neben den Erfahrungsberichten wurden auch alle anderen Informationen und Beitr\u00e4ge sorgf\u00e4ltig erwogen und gepr\u00fcft. Jegliche Haftung von Autor*innen, Mitarbeiter*innen und der Herausgeberin ist dennoch ausgeschlossen.<\/span><\/p>\n<p><span style=\"color: #808080;\">Hier genannte Anwendungsbeschreibungen und Energetisierungsmethoden beruhen auf Erfahrungen und sind nicht wissenschaftlich verifiziert. Alle hier aufgef\u00fchrten Methoden dienen lediglich zur Unterst\u00fctzung und Begleitung der aufgef\u00fchrten Lebensthemen.<\/span><\/p>\n<p><span style=\"color: #808080;\">Die Autorin und Seiteninhaberin \u00fcbernimmt keine Haftung f\u00fcr eventuelle Nachteile oder Sch\u00e4den, die aus den hier sowie in weiteren Publikationen dargestellten Behandlungsanwendungen resultieren k\u00f6nnten. Dies gilt auch bei der Teilnahme an Veranstaltungen. Alle Anwendungen sowie die Teilnahme an Veranstaltungen geschehen in Eigenverantwortung der Anwender*innen und Teilnehmer*innen.<\/span><\/p>\n<h3><span style=\"color: #808080;\">Keine Heilversprechen:<\/span><\/h3>\n<p><span style=\"color: #808080;\">Die in Ver\u00f6ffentlichungen, Katalogen, Magazinen, sonstigen Printmedien, Downloads und E-Books und Websites verwendeten Begriffe des Heilens beziehen sich auf die M\u00f6glichkeiten der Aktivierung der Selbstheilungskr\u00e4fte.<\/span><\/p>\n<p><span style=\"color: #808080;\">Die Aktivierung der Selbstheilungskr\u00e4fte k\u00f6nnen Leser*innen und Anwender*innen eigenverantwortlich unterst\u00fctzen.<\/span><\/p>\n<p><span style=\"color: #808080;\">Diese Begriffe werden nicht im schulmedizinischen, bzw. gesetzlich definierten Sinn verwendet und stellen keine \u00e4rztlichen Diagnosen dar.<\/span><\/p>\n<p><span style=\"color: #808080;\">Die Anwendungen der hier genannten Methoden, Produkte und Behandlungs-Anwendungen ersetzen nicht die Diagnose oder Therapie durch \u00c4rzt*innen oder Heilpraktiker*innen.<\/span><\/p>\n<h3><span style=\"color: #808080;\">Externe Links:<\/span><\/h3>\n<p><span style=\"color: #808080;\">Alle Links auf externe Seiten wurden bei Erstellung der Seite sorgf\u00e4ltig gepr\u00fcft. M\u00f6gliche Rechtsverst\u00f6\u00dfe waren zum Zeitpunkt der Verlinkung nicht erkennbar. Allerdings besteht kein Einfluss auf die Inhalte verlinkter Seiten, hierf\u00fcr ist der jeweilige Dienstanbieter verantwortlich. Sollten rechtswidrige Seiten \u00fcber die Hyperlinks abrufbar sein, bitten wir um eine Mitteilung an die im Impressum genannte E-Mail-Adresse. Wir werden dies dann \u00fcberpr\u00fcfen und die Links ggf. entfernen.<\/span><\/p>\n","protected":false},"excerpt":{"rendered":"<p>Dagmar Hartl Im Moosfeld 9 86980 Ingenried Deutschland Telefon: 08868-1817945 Fax: 08868-1817944 E-Mail: info@vision-seele-energie.de Umsatzsteuer-Identifikationsnummer: DE 292067537 Verantwortlich gem\u00e4\u00df \u00a7 55 RStV: Dagmar Hartl Im Moosfeld 9 86980 Ingenried Die Europ\u00e4ische Kommission stellt eine Plattform zur Online-Streitbeilegung (OS) bereit, die Sie hier finden https:\/\/ec.europa.eu\/consumers\/odr\/. Zur Teilnahme an einem Streitbeilegungsverfahren vor einer Verbraucherschlichtungsstelle sind wir nicht [&hellip;]<\/p>\n","protected":false},"author":1,"featured_media":0,"parent":32,"menu_order":10,"comment_status":"closed","ping_status":"closed","template":"","meta":{"footnotes":"","_links_to":"","_links_to_target":""},"class_list":["post-36","page","type-page","status-publish","hentry"],"_links":{"self":[{"href":"https:\/\/energiemalerei.de\/index.php\/wp-json\/wp\/v2\/pages\/36","targetHints":{"allow":["GET"]}}],"collection":[{"href":"https:\/\/energiemalerei.de\/index.php\/wp-json\/wp\/v2\/pages"}],"about":[{"href":"https:\/\/energiemalerei.de\/index.php\/wp-json\/wp\/v2\/types\/page"}],"author":[{"embeddable":true,"href":"https:\/\/energiemalerei.de\/index.php\/wp-json\/wp\/v2\/users\/1"}],"replies":[{"embeddable":true,"href":"https:\/\/energiemalerei.de\/index.php\/wp-json\/wp\/v2\/comments?post=36"}],"version-history":[{"count":14,"href":"https:\/\/energiemalerei.de\/index.php\/wp-json\/wp\/v2\/pages\/36\/revisions"}],"predecessor-version":[{"id":543,"href":"https:\/\/energiemalerei.de\/index.php\/wp-json\/wp\/v2\/pages\/36\/revisions\/543"}],"up":[{"embeddable":true,"href":"https:\/\/energiemalerei.de\/index.php\/wp-json\/wp\/v2\/pages\/32"}],"wp:attachment":[{"href":"https:\/\/energiemalerei.de\/index.php\/wp-json\/wp\/v2\/media?parent=36"}],"curies":[{"name":"wp","href":"https:\/\/api.w.org\/{rel}","templated":true}]}}